{"id":25561,"date":"2022-11-24T19:56:30","date_gmt":"2022-11-24T18:56:30","guid":{"rendered":"https:\/\/afrikaw.com\/?post_type=product&#038;p=25561"},"modified":"2024-12-19T00:34:32","modified_gmt":"2024-12-18T23:34:32","slug":"pate-de-piment-mangue-100g","status":"publish","type":"product","link":"https:\/\/afrikaw.com\/en\/shop\/ethnic-grocery\/ethnic-condiments\/pate-de-piment-mangue-100g\/","title":{"rendered":"LOT DE 2 PATES DE PIMENT MANGUE 100G AU CHOIX"},"content":{"rendered":"<p style=\"margin: 0px 0px 10px;padding: 0px;color: #868686;font-family: Lato, serif;font-size: 14px\">Tr\u00e8s original, le m\u00e9lange du piment et de la mangue fait de ce TOCO, une des p\u00e2tes de piment les plus appr\u00e9ci\u00e9es.<\/p>\n<p style=\"margin: 0px 0px 10px;padding: 0px;color: #868686;font-family: Lato, serif;font-size: 14px\"><span style=\"text-decoration: underline\">Conseil d\u2019utilisation :<\/span><br \/>\nElle s\u2019associe \u00e0 merveille avec tous les plats et particuli\u00e8rement les viandes pour leur apporter une touche d\u2019exotisme.<\/p>\n<p style=\"margin: 0px 0px 10px;padding: 0px;color: #868686;font-family: Lato, serif;font-size: 14px\"><span style=\"color: #212b36;font-family: -apple-system, BlinkMacSystemFont, 'San Francisco', 'Segoe UI', Roboto, 'Helvetica Neue', sans-serif;font-style: inherit;font-weight: inherit;background-color: var(--bgcolor-white)\">Marque: DELICES DE GUYANE<\/span><\/p>\n<div class=\"product-tabs-wrapper\" style=\"border-top: 1px solid var(--brdcolor-gray-300);border-right: 0px;border-bottom: 1px solid var(--brdcolor-gray-300);border-left: 0px;vertical-align: baseline;font-style: normal;font-weight: 400;line-height: inherit;font-family: Lato, Arial, Helvetica, sans-serif;font-size: 14px;background-color: var(--bgcolor-white);color: #000000;letter-spacing: normal;text-align: start;text-indent: 0px;text-transform: none;padding: var(--wd-single-spacing) 0px var(--wd-single-spacing) 0px;margin: 0px 0px var(--wd-single-spacing) 0px\">\n<div class=\"container\" style=\"margin: 0px auto;padding: 0px 15px;border: 0px;vertical-align: baseline;font-style: inherit;font-variant: inherit;font-weight: inherit;line-height: inherit;font-family: inherit;font-size: 14px;width: 1221.98px;max-width: 1222px\">\n<div class=\"row\" style=\"margin: 0px -15px;padding: 0px;border: 0px;vertical-align: baseline;font-style: inherit;font-variant: inherit;font-weight: inherit;line-height: inherit;font-family: inherit;font-size: 14px;flex-wrap: wrap\">\n<div class=\"col-12 poduct-tabs-inner\" style=\"margin: 0px;padding: 0px 15px;border: 0px;vertical-align: baseline;font-style: inherit;font-variant: inherit;font-weight: inherit;line-height: inherit;font-family: inherit;font-size: 14px;width: 1221.98px;min-height: 1px;flex: 0 0 100%;max-width: 100%\">\n<div class=\"woocommerce-tabs wc-tabs-wrapper tabs-layout-tabs\" style=\"margin: 0px;padding: 0px;border: 0px;vertical-align: baseline;font-style: inherit;font-variant: inherit;font-weight: inherit;line-height: inherit;font-family: inherit;font-size: 14px\" data-state=\"first\" data-layout=\"tabs\">\n<div class=\"wd-accordion-item\" style=\"margin: 0px;padding: 0px;border: 0px;vertical-align: baseline;font-style: inherit;font-variant: inherit;font-weight: inherit;line-height: inherit;font-family: inherit;font-size: 14px\"><\/div>\n<div class=\"wd-accordion-item\" style=\"margin: 0px;padding: 0px;border: 0px;vertical-align: baseline;font-style: inherit;font-variant: inherit;font-weight: inherit;line-height: inherit;font-family: inherit;font-size: 14px\"><\/div>\n<div class=\"wd-accordion-item\" style=\"margin: 0px;padding: 0px;border: 0px;vertical-align: baseline;font-style: inherit;font-variant: inherit;font-weight: inherit;line-height: inherit;font-family: inherit;font-size: 14px\"><\/div>\n<div class=\"wd-accordion-item\" style=\"margin: 0px;padding: 0px;border: 0px;vertical-align: baseline;font-style: inherit;font-variant: inherit;font-weight: inherit;line-height: inherit;font-family: inherit;font-size: 14px\"><\/div>\n<div class=\"wd-accordion-item\" style=\"margin: 0px;padding: 0px;border: 0px;vertical-align: baseline;font-style: inherit;font-variant: inherit;font-weight: inherit;line-height: inherit;font-family: inherit;font-size: 14px\"><\/div>\n<\/div>\n<\/div>\n<\/div>\n<\/div>\n<\/div>\n","protected":false},"excerpt":{"rendered":"<p>Piquante et fruit\u00e9e \u00e0 la fois.<\/p>\n<p>Vendu par lot de 2.<\/p>\n<p>Possibilit\u00e9 d&#8217;avoir 2 go\u00fbts diff\u00e9rents dans la limite disponible.<\/p>\n","protected":false},"featured_media":25559,"comment_status":"open","ping_status":"closed","template":"","meta":{"_acf_changed":false,"_monsterinsights_skip_tracking":false,"_monsterinsights_sitenote_active":false,"_monsterinsights_sitenote_note":"","_monsterinsights_sitenote_category":0},"product_brand":[],"product_cat":[215,37],"product_tag":[785,782,783],"class_list":{"0":"post-25561","1":"product","2":"type-product","3":"status-publish","4":"has-post-thumbnail","6":"product_cat-ethnic-condiments","7":"product_cat-ethnic-grocery","8":"product_tag-a-la-mangue","9":"product_tag-pate-de-piment","10":"product_tag-saveur-extra","12":"first","13":"instock","14":"featured","15":"taxable","16":"shipping-taxable","17":"purchasable","18":"product-type-simple"},"acf":[],"jetpack_sharing_enabled":true,"_links":{"self":[{"href":"https:\/\/afrikaw.com\/en\/wp-json\/wp\/v2\/product\/25561","targetHints":{"allow":["GET"]}}],"collection":[{"href":"https:\/\/afrikaw.com\/en\/wp-json\/wp\/v2\/product"}],"about":[{"href":"https:\/\/afrikaw.com\/en\/wp-json\/wp\/v2\/types\/product"}],"replies":[{"embeddable":true,"href":"https:\/\/afrikaw.com\/en\/wp-json\/wp\/v2\/comments?post=25561"}],"version-history":[{"count":4,"href":"https:\/\/afrikaw.com\/en\/wp-json\/wp\/v2\/product\/25561\/revisions"}],"predecessor-version":[{"id":97560,"href":"https:\/\/afrikaw.com\/en\/wp-json\/wp\/v2\/product\/25561\/revisions\/97560"}],"wp:featuredmedia":[{"embeddable":true,"href":"https:\/\/afrikaw.com\/en\/wp-json\/wp\/v2\/media\/25559"}],"wp:attachment":[{"href":"https:\/\/afrikaw.com\/en\/wp-json\/wp\/v2\/media?parent=25561"}],"wp:term":[{"taxonomy":"product_brand","embeddable":true,"href":"https:\/\/afrikaw.com\/en\/wp-json\/wp\/v2\/product_brand?post=25561"},{"taxonomy":"product_cat","embeddable":true,"href":"https:\/\/afrikaw.com\/en\/wp-json\/wp\/v2\/product_cat?post=25561"},{"taxonomy":"product_tag","embeddable":true,"href":"https:\/\/afrikaw.com\/en\/wp-json\/wp\/v2\/product_tag?post=25561"}],"curies":[{"name":"wp","href":"https:\/\/api.w.org\/{rel}","templated":true}]}}